{"id":592,"date":"2014-03-18T09:49:29","date_gmt":"2014-03-18T09:49:29","guid":{"rendered":"http:\/\/the7.dream-demo.com\/business\/?page_id=2"},"modified":"2022-06-22T11:23:12","modified_gmt":"2022-06-22T09:23:12","slug":"sample-page-2","status":"publish","type":"page","link":"https:\/\/www.plasticsystem.it\/","title":{"rendered":"Home"},"content":{"rendered":"<p>[vc_row css=&#8221;.vc_custom_1529701062234{padding-top: 80px !important;}&#8221;][vc_column width=&#8221;5\/6&#8243; offset=&#8221;vc_col-lg-offset-1 vc_col-md-offset-1 vc_col-sm-offset-1&#8243;]<div id=\"ultimate-heading-61856a03dbb298dfa\" class=\"uvc-heading ult-adjust-bottom-margin ultimate-heading-61856a03dbb298dfa uvc-69 \" data-hspacer=\"no_spacer\"  data-halign=\"center\" style=\"text-align:center\"><div class=\"uvc-heading-spacer no_spacer\" style=\"top\"><\/div><div class=\"uvc-main-heading ult-responsive\"  data-ultimate-target='.uvc-heading.ultimate-heading-61856a03dbb298dfa h2'  data-responsive-json-new='{\"font-size\":\"desktop:30px;\",\"line-height\":\"desktop:40px;\"}' ><h2 style=\"--font-weight:theme;\">LA PLASTIC SYSTEM<\/h2><\/div><div class=\"uvc-sub-heading ult-responsive\"  data-ultimate-target='.uvc-heading.ultimate-heading-61856a03dbb298dfa .uvc-sub-heading '  data-responsive-json-new='{\"font-size\":\"desktop:18px;\",\"line-height\":\"desktop:28px;\"}'  style=\"font-weight:normal;\"><\/p>\n<p style=\"text-align: justify;\">Nasce nel 2004 da un&#8217;idea della famiglia Grauso che, confidando nella lunga esperienza nel settore industriale decide di investire nello stampaggio delle componenti plastiche nel settore Automotive.<\/p>\n<p><\/div><\/div>[\/vc_column][\/vc_row][vc_row type=&#8221;vc_default&#8221; margin_top=&#8221;10&#8243; css=&#8221;.vc_custom_1529701067037{padding-top: 80px !important;padding-bottom: 80px !important;}&#8221;][vc_column offset=&#8221;vc_col-xs-12&#8243;][vc_row_inner][vc_column_inner width=&#8221;1\/3&#8243; css=&#8221;.vc_custom_1529672079666{padding-bottom: 50px !important;}&#8221;]<div class=\"ult-just-icon-wrapper accent-icon-bg  vc_custom_1529668297485\"><div class=\"align-icon\" style=\"text-align:center;\">\n<div class=\"aio-icon advanced \"  style=\"color:#ffffff;background:#ffffff;border-style:solid;border-color:;border-width:0px;width:80px;height:80px;line-height:80px;border-radius:0px;font-size:38px;display:inline-block;\">\n\t<i class=\"icomoon-fontawesome-16x16-sitemap\"><\/i>\n<\/div><\/div><\/div><div id=\"ultimate-heading-12756a03dbb299046\" class=\"uvc-heading ult-adjust-bottom-margin ultimate-heading-12756a03dbb299046 uvc-4267 accent-border-color\" data-hspacer=\"line_only\"  data-halign=\"center\" style=\"text-align:center\"><div class=\"uvc-main-heading ult-responsive\"  data-ultimate-target='.uvc-heading.ultimate-heading-12756a03dbb299046 h2'  data-responsive-json-new='{\"font-size\":\"desktop:26px;\",\"line-height\":\"desktop:36px;\"}' ><h2 style=\"--font-weight:theme;margin-bottom:10px;\">TECNOLOGIA<\/h2><\/div><div class=\"uvc-heading-spacer line_only\" style=\"margin-bottom:30px;height:3px;\"><span class=\"uvc-headings-line\" style=\"border-style:solid;border-bottom-width:3px;border-color:#ccc;width:40px;\"><\/span><\/div><div class=\"uvc-sub-heading ult-responsive\"  data-ultimate-target='.uvc-heading.ultimate-heading-12756a03dbb299046 .uvc-sub-heading '  data-responsive-json-new='{\"font-size\":\"\",\"line-height\":\"desktop:28px;\"}'  style=\"font-weight:normal;\"><\/p>\n<p style=\"text-align: justify; font-size: 12px;\">La Plastic System investe ogni anno in nuove attrezzature e infrastrutture, per reggere la sfida del complesso settore della produzione di componentistica industriale nella lavorazione di materie plastiche.<\/p>\n<p><\/div><\/div>[\/vc_column_inner][vc_column_inner width=&#8221;1\/3&#8243; css=&#8221;.vc_custom_1529672084990{padding-bottom: 50px !important;}&#8221;]<div class=\"ult-just-icon-wrapper accent-icon-bg  vc_custom_1648739339748\"><div class=\"align-icon\" style=\"text-align:center;\">\n<div class=\"aio-icon advanced \"  style=\"color:#ffffff;background:#ffffff;border-style:solid;border-color:;border-width:0px;width:80px;height:80px;line-height:80px;border-radius:0px;font-size:38px;display:inline-block;\">\n\t<i class=\"fas fa-seedling\"><\/i>\n<\/div><\/div><\/div><div id=\"ultimate-heading-17446a03dbb2990d2\" class=\"uvc-heading ult-adjust-bottom-margin ultimate-heading-17446a03dbb2990d2 uvc-6544 accent-border-color\" data-hspacer=\"line_only\"  data-halign=\"center\" style=\"text-align:center\"><div class=\"uvc-main-heading ult-responsive\"  data-ultimate-target='.uvc-heading.ultimate-heading-17446a03dbb2990d2 h2'  data-responsive-json-new='{\"font-size\":\"desktop:26px;\",\"line-height\":\"desktop:36px;\"}' ><h2 style=\"--font-weight:theme;margin-bottom:10px;\">INNOVAZIONE E SOSTENIBILITA'<\/h2><\/div><div class=\"uvc-heading-spacer line_only\" style=\"margin-bottom:30px;height:3px;\"><span class=\"uvc-headings-line\" style=\"border-style:solid;border-bottom-width:3px;border-color:#ccc;width:40px;\"><\/span><\/div><div class=\"uvc-sub-heading ult-responsive\"  data-ultimate-target='.uvc-heading.ultimate-heading-17446a03dbb2990d2 .uvc-sub-heading '  data-responsive-json-new='{\"font-size\":\"\",\"line-height\":\"desktop:28px;\"}'  style=\"font-weight:normal;\"><\/p>\n<p style=\"text-align: justify; font-size: 12px;\">Innovazione e sostenibilit\u00e0 non sono forze contrapposte, ma lavorano assieme per il futuro di tutti. Energia eolica e fotovoltaica sostengono il sempre maggior fabbisogno aziendale di energia elettrica.<\/p>\n<p><\/div><\/div>[\/vc_column_inner][vc_column_inner width=&#8221;1\/3&#8243; css=&#8221;.vc_custom_1529672089292{padding-bottom: 50px !important;}&#8221;]<div class=\"ult-just-icon-wrapper accent-icon-bg  vc_custom_1648738961515\"><div class=\"align-icon\" style=\"text-align:center;\">\n<div class=\"aio-icon advanced \"  style=\"color:#ffffff;background:#ffffff;border-style:solid;border-color:;border-width:0px;width:80px;height:80px;line-height:80px;border-radius:0px;font-size:38px;display:inline-block;\">\n\t<i class=\"icomoon-fontawesome-16x16-users\"><\/i>\n<\/div><\/div><\/div><div id=\"ultimate-heading-15766a03dbb299149\" class=\"uvc-heading ult-adjust-bottom-margin ultimate-heading-15766a03dbb299149 uvc-3365 accent-border-color\" data-hspacer=\"line_only\"  data-halign=\"center\" style=\"text-align:center\"><div class=\"uvc-main-heading ult-responsive\"  data-ultimate-target='.uvc-heading.ultimate-heading-15766a03dbb299149 h2'  data-responsive-json-new='{\"font-size\":\"desktop:26px;\",\"line-height\":\"desktop:36px;\"}' ><h2 style=\"--font-weight:theme;margin-bottom:10px;\">TEAM<\/h2><\/div><div class=\"uvc-heading-spacer line_only\" style=\"margin-bottom:30px;height:3px;\"><span class=\"uvc-headings-line\" style=\"border-style:solid;border-bottom-width:3px;border-color:#ccc;width:40px;\"><\/span><\/div><div class=\"uvc-sub-heading ult-responsive\"  data-ultimate-target='.uvc-heading.ultimate-heading-15766a03dbb299149 .uvc-sub-heading '  data-responsive-json-new='{\"font-size\":\"\",\"line-height\":\"desktop:28px;\"}'  style=\"font-weight:normal;\"><\/p>\n<p style=\"text-align: justify; font-size: 12px;\">L&#8217;azienda possiede una struttura organizzativa qualificata ed esperta, operante da pi\u00f9 di 10 anni nel settore automotive. Ci\u00f2 nonostante \u00e8 in continua formazione, al fine migliorare le proprie competenze<\/p>\n<p><\/div><\/div>[\/vc_column_inner][\/vc_row_inner]\n\t\t\t<div class=\"ult_dual_button  vc_custom_1652887604415 ult-adjust-bottom-margin to-center  \"  data-response=\"on\" id=\"ult_btn_1357886314\">\n\n\t\t\t<div id=\"dualbtn-2466\" class=\"ulitmate_dual_buttons ult-dual-btn ult_main_dualbtn \" data-bcolor=\"#e73935\"data-bhcolor=\"\">\n\n\t\t\t<div class=\"ult_dualbutton-wrapper btn-inline place-template bt1 \"><a href=\"https:\/\/www.plasticsystem.it\/?page_id=2683\"  class=\"ult_ivan_button round-square with-icon icon-before with-text place-template ult_dual1\" style=\";margin-right:px;;background-color:#ffffff !important;; border-color:#e73935;border-style:solid;border-width:3px;border-radius:100px;width:300px;;\">\n\t\t\t<span class=\"ult-dual-btn-1 Style 1\" style=\"\"  data-bgcolor=\"#ffffff\" data-bghovercolor=\"#e73935\" data-icon_color=\"#e73935\" data-icon_hover_color=\"#ffffff\" data-textcolor=\"#e73935\" data-texthovercolor=\"#ffffff\" data-iconbgcolor=\"transperent\" data-iconbghovercolor=\"transperent\" data-iconborder=\"transperent\" data-iconhoverborder=\"transperent\" >\n\t\t\t<span class=\"icon-simple icon-left1 ult_btn1span \"  style=\"; \">\n<span class=\"aio-icon btn1icon none \"  style=\"color:#e73935;font-size:20px;\">\n\t<i class=\"icomoon-fontawesome-16x16-info-circle\" ><\/i>\n<\/span><\/span>\n\t\t\t<span class=\"text-btn ult-dual-button-title ult-responsive\"  data-ultimate-target='#dualbtn-2466 .ult-dual-button-title'  data-responsive-json-new='{\"font-size\":\"desktop:18px;\",\"line-height\":\"desktop:18px;\"}'  style=\"font-family:Roboto;font-weight:bold;color:#e73935;\">L&#039;AGENZIA<\/span>\n\n\t\t\t<\/span>\n\t\t\t<\/a><span class=\"middle-text\" style=\"line-height: 1.8em;color:#ffffff;background-color:#e73935;border-color:#e73935;border-width:3px;border-style:solid;border-radius:100px;\">\n\t\t\t<span class=\"middle-inner\"  >OR<\/span>\n\t\t\t<\/span>\n\n\t\t\t<\/div>\n\n\t\t\t<div class=\"ult_dualbutton-wrapper btn-inline place-template btn2 \"><a href=\"https:\/\/www.plasticsystem.it\/?page_id=11\"  class=\"ult_ivan_button   round-square  with-icon icon-before with-text place-template ult_dual2\"  style=\";background-color:#ffffff !important;;margin-left:-0px;; border-color:#e73935;border-style:solid;border-width:3px;border-radius:100px;width:300px;\">\n\t\t\t<span class=\"ult-dual-btn-2 Style 1\"  data-bgcolor=\"#ffffff\" data-bghovercolor=\"#e73935\" data-icon_color=\"#e73935\" data-icon_hover_color=\"#ffffff\" data-textcolor=\"#e73935\" data-texthovercolor=\"#ffffff\" data-iconbgcolor=\"transperent\" data-iconbghovercolor=\"transperent\" data-iconborder=\"transperent\" data-iconhoverborder=\"transperent\" >\n\n\t\t\t<span class=\"icon-simple icon-left2 ult_btn1span \"  style=\"; \">\n<span class=\"aio-icon btn1icon none \"  style=\"color:#e73935;font-size:20px;\">\n\t<i class=\"icomoon-fontawesome-16x16-comment-alt\" ><\/i>\n<\/span><\/span>\n\t\t\t<span class=\"text-btn ult-dual-button-title title_right\" style=\"font-family:Roboto;font-weight:bold;color:#e73935;\">CONTATTI<\/span>\n\t\t\t<\/span>\n\t\t\t<\/a><\/div>\n\t\t\t<\/div>\n\t\t\t<\/div>[\/vc_column][\/vc_row][vc_row full_width=&#8221;stretch_row_content_no_spaces&#8221; equal_height=&#8221;yes&#8221; bg_type=&#8221;bg_color&#8221; bg_color_value=&#8221;#f7f7f7&#8243;][vc_column parallax=&#8221;content-moving-fade&#8221; width=&#8221;1\/2&#8243; css=&#8221;.vc_custom_1648824401514{background-image: url(https:\/\/www.plasticsystem.it\/wp-content\/uploads\/2022\/04\/banner-laterale-home-def.jpg?id=2613) !important;background-position: center !important;background-repeat: no-repeat !important;background-size: cover !important;}&#8221;][\/vc_column][vc_column width=&#8221;1\/2&#8243; css=&#8221;.vc_custom_1648823241486{padding-top: 40px !important;padding-right: 40px !important;padding-bottom: 40px !important;padding-left: 40px !important;}&#8221;]<div id=\"ultimate-heading-75196a03dbb2992b5\" class=\"uvc-heading ult-adjust-bottom-margin ultimate-heading-75196a03dbb2992b5 uvc-3340 \" data-hspacer=\"no_spacer\"  data-halign=\"center\" style=\"text-align:center\"><div class=\"uvc-heading-spacer no_spacer\" style=\"top\"><\/div><div class=\"uvc-main-heading ult-responsive\"  data-ultimate-target='.uvc-heading.ultimate-heading-75196a03dbb2992b5 h2'  data-responsive-json-new='{\"font-size\":\"desktop:30px;\",\"line-height\":\"desktop:40px;\"}' ><h2 style=\"--font-weight:theme;\">LA PLASTIC SYSTEM<\/h2><\/div><div class=\"uvc-sub-heading ult-responsive\"  data-ultimate-target='.uvc-heading.ultimate-heading-75196a03dbb2992b5 .uvc-sub-heading '  data-responsive-json-new='{\"font-size\":\"desktop:18px;\",\"line-height\":\"desktop:28px;\"}'  style=\"font-weight:normal;\"><\/p>\n<p style=\"text-align: left;\">La Plastic System, pone al centro del suo sistema produttivo la qualit\u00e0 del prodotto e la sua robustezza. La Plastic System \u00e8 dotata di un centro di controllo qualit\u00e0 che consente di rispettare, tutte le richieste, dal cliente alle normative, inoltre la Plastic System, produce particolari in plastica adatti alla verniciatura.<\/p>\n<p><\/div><\/div>[vc_empty_space]<div class=\"ult-just-icon-wrapper accent-icon-bg  vc_custom_1648824237594\"><div class=\"align-icon\" style=\"text-align:center;\">\n<div class=\"aio-icon advanced \"  style=\"color:#ffffff;background:#ffffff;border-style:solid;border-color:;border-width:0px;width:80px;height:80px;line-height:80px;border-radius:0px;font-size:38px;display:inline-block;\">\n\t<i class=\"icomoon-fontawesome-16x16-car\"><\/i>\n<\/div><\/div><\/div><div id=\"ultimate-heading-13636a03dbb29932f\" class=\"uvc-heading ult-adjust-bottom-margin ultimate-heading-13636a03dbb29932f uvc-4975 accent-border-color\" data-hspacer=\"line_only\"  data-halign=\"center\" style=\"text-align:center\"><div class=\"uvc-main-heading ult-responsive\"  data-ultimate-target='.uvc-heading.ultimate-heading-13636a03dbb29932f h2'  data-responsive-json-new='{\"font-size\":\"desktop:30px;\",\"line-height\":\"desktop:40px;\"}' ><h2 style=\"--font-weight:theme;margin-bottom:10px;\">LA NOSTRA STORIA \u00c8 IL FUTURO<\/h2><\/div><div class=\"uvc-heading-spacer line_only\" style=\"margin-bottom:30px;height:3px;\"><span class=\"uvc-headings-line\" style=\"border-style:solid;border-bottom-width:3px;border-color:#ccc;width:40px;\"><\/span><\/div><div class=\"uvc-sub-heading ult-responsive\"  data-ultimate-target='.uvc-heading.ultimate-heading-13636a03dbb29932f .uvc-sub-heading '  data-responsive-json-new='{\"font-size\":\"desktop:18px;\",\"line-height\":\"desktop:28px;\"}'  style=\"font-weight:normal;\"><\/p>\n<p style=\"text-align: justify; font-size: 12px;\">Negli anni l&#8217;azienda \u00e8 stata in grado di ampliare la propria offerta riuscendo ad acquisire nuovi clienti pur riuscendo a soddisfare sempre i propri, grazie alla capacit\u00e0 di capire e ascoltare le esigenze del mercato , ma anche con la dedizione, l&#8217;impegno e l&#8217;esperienza della su struttura.<\/p>\n<p><\/div><\/div>[\/vc_column][\/vc_row][vc_row bg_type=&#8221;image&#8221; parallax_style=&#8221;vcpb-vz-jquery&#8221; bg_image_new=&#8221;id^2631|url^https:\/\/www.plasticsystem.it\/wp-content\/uploads\/2022\/04\/banner-sfondo.jpg|caption^null|alt^null|title^null|description^null&#8221; bg_override=&#8221;full&#8221; enable_overlay=&#8221;enable_overlay_value&#8221; overlay_color=&#8221;rgba(0,0,0,0.6)&#8221; css=&#8221;.vc_custom_1648825040678{padding-top: 80px !important;padding-bottom: 80px !important;}&#8221;][vc_column width=&#8221;5\/6&#8243; offset=&#8221;vc_col-lg-offset-1 vc_col-lg-10 vc_col-md-offset-1 vc_col-md-10 vc_col-sm-offset-1&#8243;]<div id=\"ultimate-heading-66976a03dbb299375\" class=\"uvc-heading ult-adjust-bottom-margin ultimate-heading-66976a03dbb299375 uvc-9522 accent-border-color\" data-hspacer=\"line_only\"  data-halign=\"center\" style=\"text-align:center\"><div class=\"uvc-main-heading ult-responsive\"  data-ultimate-target='.uvc-heading.ultimate-heading-66976a03dbb299375 h2'  data-responsive-json-new='{\"font-size\":\"desktop:40px;\",\"line-height\":\"desktop:50px;\"}' ><h2 style=\"--font-weight:theme;color:#ffffff;margin-top:100px;margin-bottom:100px;\">COMPONENTI PLASTICI DI ALTISSIMA QUALITA'<\/h2><\/div><div class=\"uvc-heading-spacer line_only\" style=\"margin-bottom:60px;height:4px;\"><span class=\"uvc-headings-line\" style=\"border-style:solid;border-bottom-width:4px;border-color:;width:100px;\"><\/span><\/div><\/div>[\/vc_column][\/vc_row][vc_row][vc_column][\/vc_column][\/vc_row]<\/p>\n","protected":false},"excerpt":{"rendered":"<p>[vc_row css=&#8221;.vc_custom_1529701062234{padding-top: 80px !important;}&#8221;][vc_column width=&#8221;5\/6&#8243; offset=&#8221;vc_col-lg-offset-1 vc_col-md-offset-1 vc_col-sm-offset-1&#8243;][\/vc_column][\/vc_row][vc_row type=&#8221;vc_default&#8221; margin_top=&#8221;10&#8243; css=&#8221;.vc_custom_1529701067037{padding-top: 80px !important;padding-bottom: 80px !important;}&#8221;][vc_column offset=&#8221;vc_col-xs-12&#8243;][vc_row_inner][vc_column_inner width=&#8221;1\/3&#8243; css=&#8221;.vc_custom_1529672079666{padding-bottom: 50px !important;}&#8221;][\/vc_column_inner][vc_column_inner width=&#8221;1\/3&#8243; css=&#8221;.vc_custom_1529672084990{padding-bottom: 50px !important;}&#8221;][\/vc_column_inner][vc_column_inner width=&#8221;1\/3&#8243; css=&#8221;.vc_custom_1529672089292{padding-bottom: 50px !important;}&#8221;][\/vc_column_inner][\/vc_row_inner][\/vc_column][\/vc_row][vc_row full_width=&#8221;stretch_row_content_no_spaces&#8221; equal_height=&#8221;yes&#8221; bg_type=&#8221;bg_color&#8221; bg_color_value=&#8221;#f7f7f7&#8243;][vc_column parallax=&#8221;content-moving-fade&#8221; width=&#8221;1\/2&#8243; css=&#8221;.vc_custom_1648824401514{background-image: url(https:\/\/www.plasticsystem.it\/wp-content\/uploads\/2022\/04\/banner-laterale-home-def.jpg?id=2613) !important;background-position: center !important;background-repeat: no-repeat !important;background-size: cover !important;}&#8221;][\/vc_column][vc_column width=&#8221;1\/2&#8243; css=&#8221;.vc_custom_1648823241486{padding-top: 40px !important;padding-right: 40px !important;padding-bottom: 40px !important;padding-left: 40px !important;}&#8221;][vc_empty_space][\/vc_column][\/vc_row][vc_row bg_type=&#8221;image&#8221; parallax_style=&#8221;vcpb-vz-jquery&#8221;&hellip;<\/p>\n","protected":false},"author":1,"featured_media":0,"parent":0,"menu_order":0,"comment_status":"closed","ping_status":"closed","template":"","meta":[],"_links":{"self":[{"href":"https:\/\/www.plasticsystem.it\/index.php?rest_route=\/wp\/v2\/pages\/592"}],"collection":[{"href":"https:\/\/www.plasticsystem.it\/index.php?rest_route=\/wp\/v2\/pages"}],"about":[{"href":"https:\/\/www.plasticsystem.it\/index.php?rest_route=\/wp\/v2\/types\/page"}],"author":[{"embeddable":true,"href":"https:\/\/www.plasticsystem.it\/index.php?rest_route=\/wp\/v2\/users\/1"}],"replies":[{"embeddable":true,"href":"https:\/\/www.plasticsystem.it\/index.php?rest_route=%2Fwp%2Fv2%2Fcomments&post=592"}],"version-history":[{"count":41,"href":"https:\/\/www.plasticsystem.it\/index.php?rest_route=\/wp\/v2\/pages\/592\/revisions"}],"predecessor-version":[{"id":2595,"href":"https:\/\/www.plasticsystem.it\/index.php?rest_route=\/wp\/v2\/pages\/592\/revisions\/2595"}],"wp:attachment":[{"href":"https:\/\/www.plasticsystem.it\/index.php?rest_route=%2Fwp%2Fv2%2Fmedia&parent=592"}],"curies":[{"name":"wp","href":"https:\/\/api.w.org\/{rel}","templated":true}]}}